{"id":5471,"date":"2022-05-20T10:52:00","date_gmt":"2022-05-20T10:52:00","guid":{"rendered":"http:\/\/lenmaumixshop.chiliweb.org\/?post_type=product&#038;p=5471"},"modified":"2024-10-10T06:48:34","modified_gmt":"2024-10-10T06:48:34","slug":"nap-ong-nghiem-chan-khong-k2","status":"publish","type":"product","link":"https:\/\/midameccom507.mbws.vn\/vi\/product\/nap-ong-nghiem-chan-khong-k2\/","title":{"rendered":"N\u1eafp \u1ed1ng nghi\u1ec7m ch\u00e2n kh\u00f4ng K2 (250 c\u00e1i\/bao)"},"content":{"rendered":"<div id=\"ez-toc-container\" class=\"ez-toc-v2_0_73 counter-hierarchy ez-toc-counter ez-toc-grey ez-toc-container-direction\">\n<div class=\"ez-toc-title-container\">\n<p class=\"ez-toc-title\" style=\"cursor:inherit\">Table of Contents<\/p>\n<span class=\"ez-toc-title-toggle\"><a href=\"#\" class=\"ez-toc-pull-right ez-toc-btn ez-toc-btn-xs ez-toc-btn-default ez-toc-toggle\" aria-label=\"Toggle Table of Content\"><span class=\"ez-toc-js-icon-con\"><span class=\"\"><span class=\"eztoc-hide\" style=\"display:none;\">Toggle<\/span><span class=\"ez-toc-icon-toggle-span\"><svg style=\"fill: #999;color:#999\" xmlns=\"http:\/\/www.w3.org\/2000\/svg\" class=\"list-377408\" width=\"20px\" height=\"20px\" viewBox=\"0 0 24 24\" fill=\"none\"><path d=\"M6 6H4v2h2V6zm14 0H8v2h12V6zM4 11h2v2H4v-2zm16 0H8v2h12v-2zM4 16h2v2H4v-2zm16 0H8v2h12v-2z\" fill=\"currentColor\"><\/path><\/svg><svg style=\"fill: #999;color:#999\" class=\"arrow-unsorted-368013\" xmlns=\"http:\/\/www.w3.org\/2000\/svg\" width=\"10px\" height=\"10px\" viewBox=\"0 0 24 24\" version=\"1.2\" baseProfile=\"tiny\"><path d=\"M18.2 9.3l-6.2-6.3-6.2 6.3c-.2.2-.3.4-.3.7s.1.5.3.7c.2.2.4.3.7.3h11c.3 0 .5-.1.7-.3.2-.2.3-.5.3-.7s-.1-.5-.3-.7zM5.8 14.7l6.2 6.3 6.2-6.3c.2-.2.3-.5.3-.7s-.1-.5-.3-.7c-.2-.2-.4-.3-.7-.3h-11c-.3 0-.5.1-.7.3-.2.2-.3.5-.3.7s.1.5.3.7z\"\/><\/svg><\/span><\/span><\/span><\/a><\/span><\/div>\n<nav><ul class='ez-toc-list ez-toc-list-level-1 ' ><li class='ez-toc-page-1 ez-toc-heading-level-2'><a class=\"ez-toc-link ez-toc-heading-1\" href=\"https:\/\/midameccom507.mbws.vn\/vi\/product\/nap-ong-nghiem-chan-khong-k2\/#Nap_ong_nghiem_chan_khong_K2_MidaMec\" title=\"N\u1eafp \u1ed1ng nghi\u1ec7m ch\u00e2n kh\u00f4ng K2 MidaMec\u00a0\">N\u1eafp \u1ed1ng nghi\u1ec7m ch\u00e2n kh\u00f4ng K2 MidaMec\u00a0<\/a><\/li><li class='ez-toc-page-1 ez-toc-heading-level-2'><a class=\"ez-toc-link ez-toc-heading-2\" href=\"https:\/\/midameccom507.mbws.vn\/vi\/product\/nap-ong-nghiem-chan-khong-k2\/#MidaMec_cong_ty_chuyen_san_xuat_cac_san_pham_vat_tu_y_te_va_cham_soc_suc_khoe\" title=\"MidaMec c\u00f4ng ty chuy\u00ean s\u1ea3n xu\u1ea5t c\u00e1c s\u1ea3n ph\u1ea9m v\u1eadt t\u01b0 y t\u1ebf v\u00e0 ch\u0103m s\u00f3c s\u1ee9c kh\u1ecfe\">MidaMec c\u00f4ng ty chuy\u00ean s\u1ea3n xu\u1ea5t c\u00e1c s\u1ea3n ph\u1ea9m v\u1eadt t\u01b0 y t\u1ebf v\u00e0 ch\u0103m s\u00f3c s\u1ee9c kh\u1ecfe<\/a><ul class='ez-toc-list-level-3' ><li class='ez-toc-heading-level-3'><a class=\"ez-toc-link ez-toc-heading-3\" href=\"https:\/\/midameccom507.mbws.vn\/vi\/product\/nap-ong-nghiem-chan-khong-k2\/#_Cac_chung_nhan_va_giai_thuong_dat_duoc\" title=\"\u00a0C\u00e1c ch\u1ee9ng nh\u1eadn v\u00e0 gi\u1ea3i th\u01b0\u1edfng \u0111\u1ea1t \u0111\u01b0\u1ee3c\">\u00a0C\u00e1c ch\u1ee9ng nh\u1eadn v\u00e0 gi\u1ea3i th\u01b0\u1edfng \u0111\u1ea1t \u0111\u01b0\u1ee3c<\/a><\/li><li class='ez-toc-page-1 ez-toc-heading-level-3'><a class=\"ez-toc-link ez-toc-heading-4\" href=\"https:\/\/midameccom507.mbws.vn\/vi\/product\/nap-ong-nghiem-chan-khong-k2\/#Thong_tin_lien_he\" title=\"Th\u00f4ng tin li\u00ean h\u1ec7\">Th\u00f4ng tin li\u00ean h\u1ec7<\/a><\/li><\/ul><\/li><\/ul><\/nav><\/div>\n<h2><span class=\"ez-toc-section\" id=\"Nap_ong_nghiem_chan_khong_K2_MidaMec\"><\/span><span style=\"font-family: 'times new roman', times, serif;\"><span style=\"vertical-align: inherit;\">N\u1eafp \u1ed1ng nghi\u1ec7m ch\u00e2n kh\u00f4ng K2 <\/span><span style=\"color: #ed1c00;\"><span style=\"vertical-align: inherit;\">Mida<\/span><\/span><span style=\"color: #17479e;\"><span style=\"vertical-align: inherit;\">Mec<\/span><\/span><span style=\"vertical-align: inherit;\">\u00a0<\/span><\/span><span class=\"ez-toc-section-end\"><\/span><\/h2>\n<p><iframe src=\"\/\/www.youtube.com\/embed\/BGZaQy5O1as?ab_channel=PrecisionMoldCorp\" width=\"560\" height=\"314\" allowfullscreen=\"allowfullscreen\" data-mce-fragment=\"1\"><\/iframe><\/p>\n<p><span style=\"font-size: 14pt;\"><strong><em><span style=\"font-family: 'times new roman', times, serif;\"><span style=\"vertical-align: inherit;\">N\u1eafp \u1ed0ng nghi\u1ec7m ch\u00e2n kh\u00f4ng K2 <span style=\"color: #ed1c00;\">Mida<\/span><span style=\"color: #17479e;\">Mec<\/span>\u00a0<\/span><\/span><\/em><\/strong><\/span><\/p>\n<p><strong><span style=\"vertical-align: inherit; font-family: 'times new roman', times, serif;\"><span style=\"vertical-align: inherit;\">* L\u01b0u \u00fd:<\/span><\/span><\/strong><\/p>\n<div dir=\"auto\">\n<p><span style=\"vertical-align: inherit; font-family: 'times new roman', times, serif;\"><span style=\"vertical-align: inherit;\">&#8211; B\u1ea3o qu\u1ea3n: N\u01a1i tho\u00e1ng m\u00e1t, s\u1ea1ch s\u1ebd, tr\u00e1nh \u1ea9m \u01b0\u1edbt v\u00e0 c\u00e1c t\u00e1c nh\u00e2n g\u00e2y \u1ea3nh h\u01b0\u1edfng \u0111\u1ebfn ch\u1ea5t l\u01b0\u1ee3ng s\u1ea3n ph\u1ea9m.<\/span><\/span><\/p>\n<p><span style=\"vertical-align: inherit; font-family: 'times new roman', times, serif;\"><span style=\"vertical-align: inherit;\">&#8211; Khuy\u1ebfn c\u00e1o: <em><strong>N\u1eafp \u1ed1ng nghi\u1ec7m<\/strong><\/em>\u00a0ch\u1ec9 s\u1eed d\u1ee5ng 1 l\u1ea7n<\/span><\/span><\/p>\n<p><strong><span style=\"font-family: 'times new roman', times, serif;\"><span style=\"vertical-align: inherit;\">* T<\/span><\/span><span style=\"font-family: 'times new roman', times, serif;\"><span style=\"vertical-align: inherit;\">h\u00f4ng s\u1ed1 k\u1ef9 thu\u1eadt:<\/span><\/span><\/strong><\/p>\n<p><span style=\"font-family: 'times new roman', times, serif;\">&#8211; M\u00e3 s\u1ea3n ph\u1ea9m: OTC0003<\/span><br \/>\n<span style=\"font-family: 'times new roman', times, serif;\">&#8211; S\u1ed1 l\u01b0u h\u00e0nh: 230000026\/PCBA-LA<\/span><br \/>\n<span style=\"font-family: 'times new roman', times, serif;\">&#8211; Xu\u1ea5t x\u1ee9 h\u00e0ng h\u00f3a: Vi\u1ec7t Nam<\/span><br \/>\n<span style=\"font-family: 'times new roman', times, serif;\">&#8211; Th\u00f4ng s\u1ed1 k\u1ef9 thu\u1eadt: Nh\u1ef1a PE, cao su, \u00d816*18mm<\/span><br \/>\n<span style=\"font-family: 'times new roman', times, serif;\">&#8211; Quy c\u00e1ch \u0111\u00f3ng g\u00f3i: 1000 c\u00e1i\/ bao<\/span><\/p>\n<\/div>\n<p><a class=\"https:\/\/midameccom416.chiliweb.org\/product\/nap-ong-nghiem-chan-khong-k2\/?lang=vi\" href=\"https:\/\/midameccom416.chiliweb.org\/product\/nap-ong-nghiem-chan-khong-k2\/?lang=vi\" target=\"_blank\" rel=\"https:\/\/midameccom416.chiliweb.org\/product\/nap-ong-nghiem-chan-khong-k2\/?lang=vi noopener\"><img decoding=\"async\" class=\"n\u1eafp \u1ed1ng nghi\u1ec7m aligncenter wp-image-11213 size-full\" title=\"n\u1eafp \u1ed1ng nghi\u1ec7m\" src=\"https:\/\/midameccom416.chiliweb.org\/wp-content\/uploads\/2022\/05\/banner-NAP-CHAN-KHONG-ONG-NGHIEM-K2.jpg\" alt=\"n\u1eafp \u1ed1ng nghi\u1ec7m\" width=\"1200\" height=\"630\" srcset=\"https:\/\/midameccom507.mbws.vn\/wp-content\/uploads\/2022\/05\/banner-NAP-CHAN-KHONG-ONG-NGHIEM-K2.jpg 1200w, https:\/\/midameccom507.mbws.vn\/wp-content\/uploads\/2022\/05\/banner-NAP-CHAN-KHONG-ONG-NGHIEM-K2-510x268.jpg 510w, https:\/\/midameccom507.mbws.vn\/wp-content\/uploads\/2022\/05\/banner-NAP-CHAN-KHONG-ONG-NGHIEM-K2-535x281.jpg 535w, https:\/\/midameccom507.mbws.vn\/wp-content\/uploads\/2022\/05\/banner-NAP-CHAN-KHONG-ONG-NGHIEM-K2-712x374.jpg 712w, https:\/\/midameccom507.mbws.vn\/wp-content\/uploads\/2022\/05\/banner-NAP-CHAN-KHONG-ONG-NGHIEM-K2-768x403.jpg 768w\" sizes=\"(max-width: 1200px) 100vw, 1200px\" \/><\/a><\/p>\n<h2><span class=\"ez-toc-section\" id=\"MidaMec_cong_ty_chuyen_san_xuat_cac_san_pham_vat_tu_y_te_va_cham_soc_suc_khoe\"><\/span><span style=\"font-family: 'times new roman', times, serif;\"><span style=\"font-size: 14pt;\"><span style=\"vertical-align: inherit;\"><strong><span style=\"color: #ed1c00;\">Mida<\/span><span style=\"color: #17479e;\">Mec <span style=\"color: #000000;\">c\u00f4ng ty chuy\u00ean<\/span><\/span><\/strong><\/span><\/span><span style=\"font-size: 14pt;\"> s\u1ea3n xu\u1ea5t c\u00e1c s\u1ea3n ph\u1ea9m v\u1eadt t\u01b0 y t\u1ebf v\u00e0 ch\u0103m s\u00f3c s\u1ee9c kh\u1ecfe<\/span><\/span><span class=\"ez-toc-section-end\"><\/span><\/h2>\n<p><a class=\"https:\/\/midameccom416.chiliweb.org\/product\/nap-ong-nghiem-chan-khong-k2\/?lang=vi\" href=\"https:\/\/midameccom416.chiliweb.org\/product\/nap-ong-nghiem-chan-khong-k2\/?lang=vi\" target=\"_blank\" rel=\"https:\/\/midameccom416.chiliweb.org\/product\/nap-ong-nghiem-chan-khong-k2\/?lang=vi noopener\"><img decoding=\"async\" class=\"n\u1eafp \u1ed1ng nghi\u1ec7m aligncenter wp-image-11118 size-full\" title=\"n\u1eafp \u1ed1ng nghi\u1ec7m\" src=\"https:\/\/midameccom416.chiliweb.org\/wp-content\/uploads\/2024\/08\/MAT-TIEN-NEW-scaled.jpg\" alt=\"n\u1eafp \u1ed1ng nghi\u1ec7m\" width=\"2560\" height=\"1707\" srcset=\"https:\/\/midameccom507.mbws.vn\/wp-content\/uploads\/2024\/08\/MAT-TIEN-NEW-scaled.jpg 2560w, https:\/\/midameccom507.mbws.vn\/wp-content\/uploads\/2024\/08\/MAT-TIEN-NEW-scaled-510x340.jpg 510w, https:\/\/midameccom507.mbws.vn\/wp-content\/uploads\/2024\/08\/MAT-TIEN-NEW-422x281.jpg 422w, https:\/\/midameccom507.mbws.vn\/wp-content\/uploads\/2024\/08\/MAT-TIEN-NEW-561x374.jpg 561w, https:\/\/midameccom507.mbws.vn\/wp-content\/uploads\/2024\/08\/MAT-TIEN-NEW-768x512.jpg 768w, https:\/\/midameccom507.mbws.vn\/wp-content\/uploads\/2024\/08\/MAT-TIEN-NEW-1536x1024.jpg 1536w, https:\/\/midameccom507.mbws.vn\/wp-content\/uploads\/2024\/08\/MAT-TIEN-NEW-2048x1365.jpg 2048w\" sizes=\"(max-width: 2560px) 100vw, 2560px\" \/><\/a><\/p>\n<p><span style=\"font-family: 'times new roman', times, serif;\">&#8211; \u0110\u01b0\u1ee3c th\u00e0nh l\u1eadp t\u1eeb n\u0103m 2005, v\u1edbi t\u1ed5ng di\u1ec7n t\u00edch nh\u00e0 x\u01b0\u1edfng 25.000m<sup>2<\/sup> t\u1ecda l\u1ea1c t\u1ea1i Long An.<\/span><\/p>\n<p><span style=\"font-family: 'times new roman', times, serif;\"><span style=\"font-size: 14pt;\"><span style=\"vertical-align: inherit;\"><strong><span style=\"color: #ed1c00; font-size: 12pt;\">&#8211; Mida<\/span><span style=\"color: #17479e;\"><span style=\"font-size: 12pt;\">Mec<\/span>\u00a0<\/span><\/strong><\/span><\/span>l\u00e0 nh\u00e0 s\u1ea3n xu\u1ea5t s\u1ea3n ph\u1ea9m v\u1eadt t\u01b0 y t\u1ebf ti\u00eau hao, s\u1ea3n ph\u1ea9m ch\u0103m s\u00f3c s\u1ee9c kh\u1ecfe d\u1eabn \u0111\u1ea7u Vi\u1ec7t Nam. S\u1ea3n ph\u1ea9m \u0111\u00e3 v\u00e0 \u0111ang \u0111\u01b0\u1ee3c s\u1ef1 tin d\u00f9ng c\u1ee7a nhi\u1ec1u kh\u00e1ch h\u00e0ng tr\u00ean th\u1ebf gi\u1edbi. <\/span><\/p>\n<p><span style=\"font-family: 'times new roman', times, serif;\">&#8211; \u0110\u1ec3 \u0111\u00e1p \u1ee9ng y\u00eau c\u1ea7u ch\u1ea5t l\u01b0\u1ee3ng ng\u00e0y c\u00e0ng cao v\u00e0 nghi\u00eam ng\u1eb7t c\u1ee7a kh\u00e1ch h\u00e0ng, <span style=\"font-size: 14pt;\"><span style=\"vertical-align: inherit;\"><strong><span style=\"color: #ed1c00; font-size: 12pt;\">Mida<\/span><span style=\"color: #17479e;\"><span style=\"font-size: 12pt;\">Mec<\/span><\/span><\/strong><\/span><\/span> lu\u00f4n ch\u00fa tr\u1ecdng \u0111\u1ea7u t\u01b0 trang thi\u1ebft b\u1ecb hi\u1ec7n \u0111\u1ea1i, d<\/span><span style=\"font-family: 'times new roman', times, serif;\">\u00e2y chuy\u1ec1n s\u1ea3n xu\u1ea5t t\u1ef1 \u0111\u1ed9ng, c\u00f4ng ngh\u1ec7 ti\u00ean ti\u1ebfn.<\/span><\/p>\n<p><span style=\"font-family: 'times new roman', times, serif;\">&#8211; \u0110\u1ebfn n\u0103m 2019 <span style=\"font-size: 14pt;\"><span style=\"vertical-align: inherit;\"><strong><span style=\"color: #ed1c00; font-size: 12pt;\">Mida<\/span><span style=\"color: #17479e;\"><span style=\"font-size: 12pt;\">Mec<\/span><\/span><\/strong><\/span><\/span> \u0111\u00e3 m\u1edf r\u1ed9ng di\u1ec7n t\u00edch nh\u00e0 m\u00e1y l\u00ean \u0111\u1ebfn 45.000m<sup>2<\/sup> \u0111\u1ec3 \u0111\u00e1p \u1ee9ng cho s\u1ef1 ph\u00e1t tri\u1ec3n l\u1edbn m\u1ea1nh c\u1ee7a c\u00f4ng ty.<\/span><\/p>\n<p><span style=\"font-family: 'times new roman', times, serif;\">&#8211; C\u00f9ng v\u1edbi \u0111\u1ed9i ng\u0169 thi\u1ebft k\u1ebf gi\u00e0u kinh nghi\u1ec7m, l\u00e0nh ngh\u1ec1 lu\u00f4n \u0111i tr\u01b0\u1edbc \u0111\u00f3n \u0111\u1ea7u trong vi\u1ec7c nghi\u00ean c\u1ee9u xu h\u01b0\u1edbng, c\u1ea3i ti\u1ebfn m\u1eabu m\u00e3.<\/span><\/p>\n<p><span style=\"font-family: 'times new roman', times, serif;\">&#8211; Gi\u00e1 th\u00e0nh s\u1ea3n ph\u1ea9m h\u1ee3p l\u00fd, ch\u00ednh s\u00e1ch t\u1ed1t cho nh\u00e0 ph\u00e2n ph\u1ed1i v\u00e0 \u0111\u1ea1i l\u00fd.<\/span><\/p>\n<p><span style=\"font-family: 'times new roman', times, serif;\">&#8211; S\u1ea3n ph\u1ea9m \u0111\u01b0\u1ee3c ph\u00e2n ph\u1ed1i to\u00e0n qu\u1ed1c v\u00e0 xu\u1ea5t kh\u1ea9u n\u01b0\u1edbc ngo\u00e0i.<\/span><\/p>\n<h3><span class=\"ez-toc-section\" id=\"_Cac_chung_nhan_va_giai_thuong_dat_duoc\"><\/span><span style=\"font-family: 'times new roman', times, serif;\">\u00a0C\u00e1c ch\u1ee9ng nh\u1eadn v\u00e0 gi\u1ea3i th\u01b0\u1edfng \u0111\u1ea1t \u0111\u01b0\u1ee3c<\/span><span class=\"ez-toc-section-end\"><\/span><\/h3>\n<p><a class=\"https:\/\/midameccom416.chiliweb.org\/product\/nap-ong-nghiem-chan-khong-k2\/?lang=vi\" href=\"https:\/\/midameccom416.chiliweb.org\/product\/nap-ong-nghiem-chan-khong-k2\/?lang=vi\" target=\"_blank\" rel=\"https:\/\/midameccom416.chiliweb.org\/product\/nap-ong-nghiem-chan-khong-k2\/?lang=vi noopener\"><img decoding=\"async\" class=\"n\u1eafp \u1ed1ng nghi\u1ec7m aligncenter wp-image-11074 size-full\" title=\"n\u1eafp \u1ed1ng nghi\u1ec7m\" src=\"https:\/\/midameccom416.chiliweb.org\/wp-content\/uploads\/2024\/08\/241001_Dung_History-TA-1-02.jpg\" alt=\"n\u1eafp \u1ed1ng nghi\u1ec7m\" width=\"1498\" height=\"1015\" srcset=\"https:\/\/midameccom507.mbws.vn\/wp-content\/uploads\/2024\/08\/241001_Dung_History-TA-1-02.jpg 1498w, https:\/\/midameccom507.mbws.vn\/wp-content\/uploads\/2024\/08\/241001_Dung_History-TA-1-02-510x346.jpg 510w, https:\/\/midameccom507.mbws.vn\/wp-content\/uploads\/2024\/08\/241001_Dung_History-TA-1-02-415x281.jpg 415w, https:\/\/midameccom507.mbws.vn\/wp-content\/uploads\/2024\/08\/241001_Dung_History-TA-1-02-552x374.jpg 552w, https:\/\/midameccom507.mbws.vn\/wp-content\/uploads\/2024\/08\/241001_Dung_History-TA-1-02-768x520.jpg 768w\" sizes=\"(max-width: 1498px) 100vw, 1498px\" \/><\/a><\/p>\n<p><span style=\"font-family: 'times new roman', times, serif;\"><strong>Ti\u00eau chu\u1ea9n FDA, RCS<\/strong><\/span><\/p>\n<p><span style=\"font-family: 'times new roman', times, serif;\"><span style=\"vertical-align: inherit;\">ISO 9001; ISO-14001; ISO-45001 (Ch\u1ea5t l\u01b0\u1ee3ng &#8211; M\u00f4i tr\u01b0\u1eddng-S\u1ee9c kh\u1ecfe)<\/span><\/span><\/p>\n<p><span style=\"font-family: 'times new roman', times, serif;\"><span style=\"vertical-align: inherit;\">ISO Class 5 \u2013 Ti\u00eau chu\u1ea9n s\u1ea3n ph\u1ea9m v\u1ec7 sinh ph\u00f2ng s\u1ea3n ph\u1ea9m y t\u1ebf<\/span><\/span><\/p>\n<p><span style=\"font-family: 'times new roman', times, serif;\"><span style=\"vertical-align: inherit;\">ISO-13485 Ng\u00e0nh s\u1ea3n xu\u1ea5t thi\u1ebft b\u1ecb y t\u1ebf<\/span><\/span><\/p>\n<p><span style=\"font-family: 'times new roman', times, serif;\"><span style=\"vertical-align: inherit;\">Th\u01b0\u01a1ng hi\u1ec7u qu\u1ed1c gia nhi\u1ec1u n\u0103m li\u1ec1n k\u1ec1<\/span><\/span><\/p>\n<p><span style=\"font-family: 'times new roman', times, serif;\"><span style=\"vertical-align: inherit;\">Top 500 DN t\u0103ng tr\u01b0\u1edfng nhanh nh\u1ea5t Vi\u1ec7t Nam<\/span><\/span><\/p>\n<ul style=\"list-style-type: circle;\">\n<li><span style=\"font-family: 'times new roman', times, serif;\"><span style=\"vertical-align: inherit;\">Top 50 DN t\u0103ng tr\u01b0\u1edfng xu\u1ea5t s\u1eafc nh\u1ea5t Vi\u1ec7t Nam.<\/span><\/span><\/li>\n<\/ul>\n<p><span style=\"vertical-align: inherit; font-family: 'times new roman', times, serif;\"><span style=\"vertical-align: inherit;\">&#8230;..v\u00e0 nhi\u1ec1u gi\u1ea3i th\u01b0\u1edfng kh\u00e1c.<\/span><\/span><\/p>\n<p><span style=\"color: #000000; font-family: times new roman, times, serif;\">H\u00e3y li\u00ean h\u1ec7 v\u1edbi ch\u00fang t\u00f4i \u0111\u1ec3 nh\u1eadn \u0111\u01b0\u1ee3c s\u1ef1 ch\u0103m s\u00f3c t\u1eadn t\u00e2m!<\/span><\/p>\n<h3><span class=\"ez-toc-section\" id=\"Thong_tin_lien_he\"><\/span><span style=\"vertical-align: inherit; font-family: 'times new roman', times, serif;\"><span style=\"vertical-align: inherit;\">Th\u00f4ng tin li\u00ean h\u1ec7<\/span><\/span><span class=\"ez-toc-section-end\"><\/span><\/h3>\n<p><span style=\"vertical-align: inherit; font-family: 'times new roman', times, serif;\"><span style=\"vertical-align: inherit;\">+ Hotline: +84 568 818 789<\/span><\/span><\/p>\n<p><span style=\"vertical-align: inherit; font-family: 'times new roman', times, serif;\"><span style=\"vertical-align: inherit;\">+ Website: <a href=\"https:\/\/midameccom416.chiliweb.org\/\" target=\"_blank\" rel=\"noopener\">midameccom416.chiliweb.org<\/a><\/span><\/span><\/p>\n<p><span style=\"font-family: 'times new roman', times, serif;\"><span style=\"vertical-align: inherit;\">+ Email: <\/span><a href=\"mailto:info@midamec.com\"><span style=\"vertical-align: inherit;\">info@midamec.com<\/span><\/a><\/span><\/p>\n<p><span style=\"vertical-align: inherit; font-family: 'times new roman', times, serif;\"><span style=\"vertical-align: inherit;\">+ Fanpage: <a href=\"https:\/\/www.facebook.com\/midamec\" target=\"_blank\" rel=\"noopener\">https:\/\/www.facebook.com\/midamec<\/a><\/span><\/span><\/p>\n<p><span style=\"font-family: 'times new roman', times, serif;\">+ Zalo:<a href=\"https:\/\/zalo.me\/midaofficial\" target=\"_blank\" rel=\"noopener\"> https:\/\/zalo.me\/midaofficial<\/a><\/span><\/p>\n<p><span style=\"font-family: 'times new roman', times, serif;\">+ Youtube: <a href=\"https:\/\/www.youtube.com\/@midamold7927\" target=\"_blank\" rel=\"noopener\">https:\/\/www.youtube.com\/@midamold7927<\/a><\/span><\/p>\n<p>&nbsp;<\/p>\n","protected":false},"excerpt":{"rendered":"<p><span style=\"font-family: 'times new roman', times, serif;\">&#8211; T\u00ean s\u1ea3n ph\u1ea9m c\u00f4ng b\u1ed1 b\u1ed9 y t\u1ebf: N\u1eafp ch\u00e2n kh\u00f4ng \u1ed1ng nghi\u1ec7m &#8211; K2<\/span><\/p>\n<p><span style=\"font-family: 'times new roman', times, serif;\">&#8211; M\u00e3 s\u1ea3n ph\u1ea9m: OTC0003<\/span><\/p>\n<p><span style=\"font-family: 'times new roman', times, serif;\">&#8211; S\u1ed1 l\u01b0u h\u00e0nh: <span style=\"vertical-align: inherit;\">230000026\/PCBA-LA<\/span><\/span><\/p>\n<p><span style=\"font-family: 'times new roman', times, serif;\">&#8211; Xu\u1ea5t x\u1ee9 h\u00e0ng h\u00f3a: <span style=\"vertical-align: inherit;\">Vi\u1ec7t Nam<\/span><\/span><\/p>\n<p><span style=\"font-family: 'times new roman', times, serif;\">&#8211; Th\u00f4ng s\u1ed1 k\u1ef9 thu\u1eadt: Nh\u1ef1a PE, cao su, \u00d816*18mm<\/span><\/p>\n<p><span style=\"font-family: 'times new roman', times, serif;\">&#8211; Ch\u00ednh s\u00e1ch gi\u00e1 t\u1ed1t tr\u00ean th\u1ecb tr\u01b0\u1eddng, gi\u00e1 \u01b0u \u0111\u00e3i: Mua s\u1ed1 l\u01b0\u1ee3ng l\u1edbn, th\u01b0\u01a1ng m\u1ea1i, \u0111\u1ea5u th\u1ea7u. Gi\u00e1 t\u1ed1t cho NPP, \u0111\u1ea1i l\u00fd. Gi\u00e1 \u0111\u1eb7c bi\u1ec7t cho kh\u00e1ch h\u00e0ng OEM<\/span><\/p>\n<p><span style=\"font-family: 'times new roman', times, serif;\">&#8211; Ph\u00e2n ph\u1ed1i: To\u00e0n qu\u1ed1c v\u00e0 xu\u1ea5t kh\u1ea9u n\u01b0\u1edbc ngo\u00e0i<\/span><\/p>\n<p><span style=\"font-family: 'times new roman', times, serif;\">&#8211; \u0110\u1ed9i ng\u0169 gi\u00e0u kinh nghi\u1ec7m, nhi\u1ec1u chuy\u00ean gia l\u0129nh v\u1ef1c trong ng\u00e0nh<\/span><\/p>\n<p><span style=\"font-family: 'times new roman', times, serif;\">&#8211; Ch\u1ea5t l\u01b0\u1ee3ng: <span style=\"vertical-align: inherit;\">S\u1ea3n ph\u1ea9m \u0111\u1ea1t chu\u1ea9n <strong><span style=\"color: #17479e;\">FDA , ISO Class 5, ISO-13485,<\/span> <span style=\"color: #ed1c24;\">ISO 9001, ISO 14001, ISO 45001<\/span><\/strong><\/span><\/span><\/p>\n<p><span style=\"font-family: 'times new roman', times, serif;\">&#8211; Quy tr\u00ecnh ki\u1ec3m so\u00e1t nghi\u00eam ng\u1eb7t<\/span><\/p>\n<p><span style=\"font-family: 'times new roman', times, serif;\">&#8211; S\u1ea3n ph\u1ea9m \u0111ang \u0111\u01b0\u1ee3c b\u00e1n tr\u00ean c\u00e1c s\u00e0n th\u01b0\u01a1ng m\u1ea1i \u0111i\u1ec7n t\u1eed: <strong>Shopee, Lazada, Tiki<\/strong><\/span><\/p>\n<p><strong><em><span style=\"font-family: 'times new roman', times, serif;\">H\u00e3y li\u00ean h\u1ec7 v\u1edbi ch\u00fang t\u00f4i \u0111\u1ec3 nh\u1eadn \u0111\u01b0\u1ee3c s\u1ef1 ch\u0103m s\u00f3c t\u1eadn t\u00e2m!<\/span><\/em><\/strong><\/p>\n","protected":false},"featured_media":10427,"comment_status":"closed","ping_status":"closed","template":"","meta":[],"product_cat":[128],"product_tag":[],"_links":{"self":[{"href":"https:\/\/midameccom507.mbws.vn\/vi\/wp-json\/wp\/v2\/product\/5471"}],"collection":[{"href":"https:\/\/midameccom507.mbws.vn\/vi\/wp-json\/wp\/v2\/product"}],"about":[{"href":"https:\/\/midameccom507.mbws.vn\/vi\/wp-json\/wp\/v2\/types\/product"}],"replies":[{"embeddable":true,"href":"https:\/\/midameccom507.mbws.vn\/vi\/wp-json\/wp\/v2\/comments?post=5471"}],"wp:featuredmedia":[{"embeddable":true,"href":"https:\/\/midameccom507.mbws.vn\/vi\/wp-json\/wp\/v2\/media\/10427"}],"wp:attachment":[{"href":"https:\/\/midameccom507.mbws.vn\/vi\/wp-json\/wp\/v2\/media?parent=5471"}],"wp:term":[{"taxonomy":"product_cat","embeddable":true,"href":"https:\/\/midameccom507.mbws.vn\/vi\/wp-json\/wp\/v2\/product_cat?post=5471"},{"taxonomy":"product_tag","embeddable":true,"href":"https:\/\/midameccom507.mbws.vn\/vi\/wp-json\/wp\/v2\/product_tag?post=5471"}],"curies":[{"name":"wp","href":"https:\/\/api.w.org\/{rel}","templated":true}]}}