{"id":7332,"date":"2023-12-23T04:08:53","date_gmt":"2023-12-23T04:08:53","guid":{"rendered":"https:\/\/midatek.com\/?post_type=product&#038;p=7332"},"modified":"2025-11-12T02:35:34","modified_gmt":"2025-11-12T02:35:34","slug":"ong-ly-tam-15ml-nap-van","status":"publish","type":"product","link":"https:\/\/midameccom507.mbws.vn\/vi\/product\/ong-ly-tam-15ml-nap-van\/","title":{"rendered":"\u1ed0ng ly t\u00e2m 15ml n\u1eafp v\u1eb7n (50 c\u00e1i\/bao)"},"content":{"rendered":"<div id=\"ez-toc-container\" class=\"ez-toc-v2_0_73 counter-hierarchy ez-toc-counter ez-toc-grey ez-toc-container-direction\">\n<div class=\"ez-toc-title-container\">\n<p class=\"ez-toc-title\" style=\"cursor:inherit\">Table of Contents<\/p>\n<span class=\"ez-toc-title-toggle\"><a href=\"#\" class=\"ez-toc-pull-right ez-toc-btn ez-toc-btn-xs ez-toc-btn-default ez-toc-toggle\" aria-label=\"Toggle Table of Content\"><span class=\"ez-toc-js-icon-con\"><span class=\"\"><span class=\"eztoc-hide\" style=\"display:none;\">Toggle<\/span><span class=\"ez-toc-icon-toggle-span\"><svg style=\"fill: #999;color:#999\" xmlns=\"http:\/\/www.w3.org\/2000\/svg\" class=\"list-377408\" width=\"20px\" height=\"20px\" viewBox=\"0 0 24 24\" fill=\"none\"><path d=\"M6 6H4v2h2V6zm14 0H8v2h12V6zM4 11h2v2H4v-2zm16 0H8v2h12v-2zM4 16h2v2H4v-2zm16 0H8v2h12v-2z\" fill=\"currentColor\"><\/path><\/svg><svg style=\"fill: #999;color:#999\" class=\"arrow-unsorted-368013\" xmlns=\"http:\/\/www.w3.org\/2000\/svg\" width=\"10px\" height=\"10px\" viewBox=\"0 0 24 24\" version=\"1.2\" baseProfile=\"tiny\"><path d=\"M18.2 9.3l-6.2-6.3-6.2 6.3c-.2.2-.3.4-.3.7s.1.5.3.7c.2.2.4.3.7.3h11c.3 0 .5-.1.7-.3.2-.2.3-.5.3-.7s-.1-.5-.3-.7zM5.8 14.7l6.2 6.3 6.2-6.3c.2-.2.3-.5.3-.7s-.1-.5-.3-.7c-.2-.2-.4-.3-.7-.3h-11c-.3 0-.5.1-.7.3-.2.2-.3.5-.3.7s.1.5.3.7z\"\/><\/svg><\/span><\/span><\/span><\/a><\/span><\/div>\n<nav><ul class='ez-toc-list ez-toc-list-level-1 ' ><li class='ez-toc-page-1 ez-toc-heading-level-2'><a class=\"ez-toc-link ez-toc-heading-1\" href=\"https:\/\/midameccom507.mbws.vn\/vi\/product\/ong-ly-tam-15ml-nap-van\/#Ong_ly_tam_15ml_nap_van_MidaMec\" title=\"\u1ed0ng ly t\u00e2m 15ml n\u1eafp v\u1eb7n\u00a0MidaMec\">\u1ed0ng ly t\u00e2m 15ml n\u1eafp v\u1eb7n\u00a0MidaMec<\/a><ul class='ez-toc-list-level-3' ><li class='ez-toc-heading-level-3'><a class=\"ez-toc-link ez-toc-heading-2\" href=\"https:\/\/midameccom507.mbws.vn\/vi\/product\/ong-ly-tam-15ml-nap-van\/#Cong_dung_Ong_ly_tam_15ml_nap_van_MidaMec\" title=\"C\u00f4ng d\u1ee5ng \u1ed0ng ly t\u00e2m 15ml n\u1eafp v\u1eb7n\u00a0MidaMec\u00a0\">C\u00f4ng d\u1ee5ng \u1ed0ng ly t\u00e2m 15ml n\u1eafp v\u1eb7n\u00a0MidaMec\u00a0<\/a><\/li><\/ul><\/li><li class='ez-toc-page-1 ez-toc-heading-level-2'><a class=\"ez-toc-link ez-toc-heading-3\" href=\"https:\/\/midameccom507.mbws.vn\/vi\/product\/ong-ly-tam-15ml-nap-van\/#MidaMec_don_vi_hang_dau_Viet_Nam_trong_nganh_vat_tu_y_te\" title=\"MidaMec, \u0111\u01a1n v\u1ecb h\u00e0ng \u0111\u1ea7u Vi\u1ec7t Nam trong ng\u00e0nh v\u1eadt t\u01b0 y t\u1ebf\u00a0\">MidaMec, \u0111\u01a1n v\u1ecb h\u00e0ng \u0111\u1ea7u Vi\u1ec7t Nam trong ng\u00e0nh v\u1eadt t\u01b0 y t\u1ebf\u00a0<\/a><ul class='ez-toc-list-level-3' ><li class='ez-toc-heading-level-3'><a class=\"ez-toc-link ez-toc-heading-4\" href=\"https:\/\/midameccom507.mbws.vn\/vi\/product\/ong-ly-tam-15ml-nap-van\/#Cac_chung_nhan_va_giai_thuong\" title=\"C\u00e1c ch\u1ee9ng nh\u1eadn v\u00e0 gi\u1ea3i th\u01b0\u1edfng\">C\u00e1c ch\u1ee9ng nh\u1eadn v\u00e0 gi\u1ea3i th\u01b0\u1edfng<\/a><\/li><li class='ez-toc-page-1 ez-toc-heading-level-3'><a class=\"ez-toc-link ez-toc-heading-5\" href=\"https:\/\/midameccom507.mbws.vn\/vi\/product\/ong-ly-tam-15ml-nap-van\/#Thong_tin_lien_he\" title=\"Th\u00f4ng tin li\u00ean h\u1ec7\">Th\u00f4ng tin li\u00ean h\u1ec7<\/a><\/li><\/ul><\/li><\/ul><\/nav><\/div>\n<h2><span class=\"ez-toc-section\" id=\"Ong_ly_tam_15ml_nap_van_MidaMec\"><\/span><span style=\"font-family: 'times new roman', times, serif;\"><span style=\"vertical-align: inherit;\">\u1ed0ng ly t\u00e2m <\/span><span style=\"vertical-align: inherit;\">15ml <\/span><\/span><span style=\"font-family: 'times new roman', times, serif;\"><span style=\"vertical-align: inherit;\">n\u1eafp v\u1eb7n<\/span><span style=\"vertical-align: inherit;\">\u00a0<\/span><\/span><span style=\"font-family: 'times new roman', times, serif;\"><span style=\"color: #ed1c00;\"><span style=\"vertical-align: inherit;\">Mida<\/span><\/span><span style=\"color: #17479e;\"><span style=\"vertical-align: inherit;\">Mec<\/span><\/span><\/span><span class=\"ez-toc-section-end\"><\/span><\/h2>\n<p><iframe title=\"\u1ed0NG LY T\u00c2M | CENTRIFUGE TUBE\" width=\"1020\" height=\"574\" src=\"https:\/\/www.youtube.com\/embed\/Zysz65qxxHg?feature=oembed\" frameborder=\"0\" allow=\"accelerometer; autoplay; clipboard-write; encrypted-media; gyroscope; picture-in-picture; web-share\" referrerpolicy=\"strict-origin-when-cross-origin\" allowfullscreen><\/iframe><\/p>\n<p><span style=\"font-family: 'times new roman', times, serif;\"><span style=\"vertical-align: inherit;\"><em><strong>\u1ed0ng ly t\u00e2m 15ml n\u1eafp v\u1eb7n <\/strong><\/em>th\u00f4ng s\u1ed1 k\u1ef9 thu\u1eadt:<\/span><\/span><\/p>\n<p><span style=\"vertical-align: inherit; font-family: 'times new roman', times, serif;\"><span style=\"vertical-align: inherit;\">&#8211; M\u00e3 s\u1ea3n ph\u1ea9m: CT0007<\/span><\/span><\/p>\n<p><span style=\"vertical-align: inherit; font-family: 'times new roman', times, serif;\"><span style=\"vertical-align: inherit;\">&#8211; S\u1ed1 l\u01b0u h\u00e0nh: 230000037\/PCBA-LA<\/span><\/span><\/p>\n<p><span style=\"vertical-align: inherit; font-family: 'times new roman', times, serif;\"><span style=\"vertical-align: inherit;\">&#8211; Ch\u1ea5t li\u1ec7u: Nh\u1ef1a PP ch\u00ednh h\u00e3ng,<\/span><\/span><\/p>\n<p><span style=\"vertical-align: inherit; font-family: 'times new roman', times, serif;\"><span style=\"vertical-align: inherit;\">&#8211; K\u00edch th\u01b0\u1edbc: \u00d817*119mm, 15ml<\/span><\/span><\/p>\n<p><span style=\"vertical-align: inherit; font-family: 'times new roman', times, serif;\"><span style=\"vertical-align: inherit;\">&#8211; Tr\u1ecdng l\u01b0\u1ee3ng: 625gr<\/span><\/span><\/p>\n<p><span style=\"vertical-align: inherit; font-family: 'times new roman', times, serif;\"><span style=\"vertical-align: inherit;\">&#8211; K\u00edch th\u01b0\u1edbc g\u00f3i \u0111\u00f3ng: 41x19x6 cm<\/span><\/span><\/p>\n<p><span style=\"vertical-align: inherit; font-family: 'times new roman', times, serif;\"><span style=\"vertical-align: inherit;\">&#8211; Quy c\u00e1ch \u0111\u00f3ng g\u00f3i: 50 c\u00e1i\/ bao<\/span><\/span><\/p>\n<p><span style=\"vertical-align: inherit; font-family: 'times new roman', times, serif;\"><span style=\"vertical-align: inherit;\">&#8211;\u00a0 Ch\u1ea5t l\u01b0\u1ee3ng: <span style=\"font-family: 'times new roman', times, serif;\">S\u1ea3n ph\u1ea9m \u0111\u1ea1t chu\u1ea9n <strong><span style=\"color: #17479e;\">FDA , ISO Class 5, ISO-13485,<\/span> <span style=\"color: #ed1c24;\">ISO 9001, ISO 14001, ISO 45001<\/span><\/strong><\/span><\/span><\/span><\/p>\n<p><span style=\"vertical-align: inherit; font-family: 'times new roman', times, serif;\"><span style=\"vertical-align: inherit;\">&#8211; Xu\u1ea5t x\u1ee9 h\u00e0ng h\u00f3a: Vi\u1ec7t Nam<\/span><\/span><\/p>\n<p><a class=\"https:\/\/midameccom416.chiliweb.org\/product\/ong-ly-tam-15ml-nap-van\/?lang=vi\" href=\"https:\/\/midameccom416.chiliweb.org\/product\/ong-ly-tam-15ml-nap-van\/?lang=vi\" target=\"_blank\" rel=\"https:\/\/midameccom416.chiliweb.org\/product\/ong-ly-tam-15ml-nap-van\/?lang=vi noopener\"><img decoding=\"async\" class=\"\u1ed0ng ly t\u00e2m 15ml n\u1eafp v\u1eb7n aligncenter wp-image-11204 size-full\" title=\"\u1ed0ng ly t\u00e2m 15ml n\u1eafp v\u1eb7n\" src=\"https:\/\/www.midamec.com\/wp-content\/uploads\/2025\/11\/ong-ly-tam-15ml-nap-van-50-cai-bao-7332.jpg\" alt=\"\u1ed0ng ly t\u00e2m 15ml n\u1eafp v\u1eb7n\" width=\"1200\" height=\"630\" \/><\/a><\/p>\n<h3><span class=\"ez-toc-section\" id=\"Cong_dung_Ong_ly_tam_15ml_nap_van_MidaMec\"><\/span><span style=\"font-family: 'times new roman', times, serif;\"><span style=\"vertical-align: inherit;\">C\u00f4ng d\u1ee5ng <em><strong>\u1ed0ng ly t\u00e2m 15ml n\u1eafp v\u1eb7n<\/strong><\/em><\/span><span style=\"vertical-align: inherit;\">\u00a0<span style=\"color: #ed1c00;\">Mida<\/span><span style=\"color: #17479e;\">Mec<\/span>\u00a0<\/span><\/span><span class=\"ez-toc-section-end\"><\/span><\/h3>\n<p><span style=\"font-family: 'times new roman', times, serif;\"><span style=\"vertical-align: inherit;\">&#8211; <em><strong>\u1ed0ng ly t\u00e2m 15ml n\u1eafp v\u1eb7n<\/strong><\/em>\u00a0<span style=\"color: #ed1c00;\">Mida<\/span><span style=\"color: #17479e;\">Mec<\/span>\u00a0\u0111<\/span>\u01b0\u1ee3c s\u1ea3n xu\u1ea5t t\u1eeb nh\u1ef1a PP nguy\u00ean ch\u1ea5t c\u00f3 \u0111\u1ed9 tinh khi\u1ebft cao kh\u00f4ng l\u1eabn t\u1ea1p ch\u1ea5t, an to\u00e0n v\u00e0 b\u1ec1n b\u1ec9.<\/span><\/p>\n<p><span style=\"font-family: 'times new roman', times, serif;\">&#8211; \u0110\u1ea1t ti\u00eau chu\u1ea9n ph\u00f2ng s\u1ea1ch ISO Class 5 v\u00e0 c\u00e1c ch\u1ee9ng nh\u1eadn qu\u1ea3n l\u00fd ch\u1ea5t l\u01b0\u1ee3ng ISO 13485, ISO 9001, ISO 14001.<\/span><\/p>\n<p><span style=\"font-family: 'times new roman', times, serif;\">&#8211; \u1ed0ng ly t\u00e2m 15ml l\u00fd t\u01b0\u1edfng cho nhi\u1ec1u \u1ee9ng d\u1ee5ng trong ph\u00f2ng th\u00ed nghi\u1ec7m, bao g\u1ed3m:<\/span><\/p>\n<p><span style=\"font-family: 'times new roman', times, serif;\">+ Nu\u00f4i c\u1ea5y t\u1ebf b\u00e0o<\/span><\/p>\n<p><span style=\"font-family: 'times new roman', times, serif;\">+ Tinh ch\u1ebf protein<\/span><\/p>\n<p><span style=\"font-family: 'times new roman', times, serif;\">+ Ph\u00e2n l\u1eadp DNA v\u00e0 RNA<\/span><\/p>\n<p><span style=\"font-family: 'times new roman', times, serif;\">+ Nu\u00f4i c\u1ea5y vi sinh v\u1eadt<\/span><\/p>\n<p><span style=\"font-family: 'times new roman', times, serif;\"><strong><span style=\"vertical-align: inherit;\">* \u0110\u1eb7c \u0111i\u1ec3m:<\/span><\/strong><\/span><\/p>\n<p><span style=\"font-family: 'times new roman', times, serif;\">&#8211; <span class=\"ui-provider ef bhw bhx bhy bhz bia bib bic bid bie bif big bih bii bij bik bil bim bin bio bip biq bir bis bit biu biv biw bix biy biz bja bjb bjc bjd\" dir=\"ltr\">Ti\u1ec7t tr\u00f9ng b\u1eb1ng gamma gi\u00fap lo\u1ea1i b\u1ecf DNase, RNase, DNA\u00a0 c\u1ee7a ng\u01b0\u1eddi v\u00e0 pyrogens, l\u00fd t\u01b0\u1edfng cho c\u00e1c \u1ee9ng d\u1ee5ng sinh h\u1ecdc ph\u00e2n t\u1eed nh\u1ea1y c\u1ea3m.<\/span><\/span><\/p>\n<p><span style=\"font-family: 'times new roman', times, serif;\">&#8211; \u0110\u1ed9 b\u1ec1n: <span style=\"vertical-align: inherit;\"><em><strong>\u1ed0ng ly t\u00e2m 15ml n\u1eafp v\u1eb7n<\/strong><\/em><\/span><span style=\"vertical-align: inherit;\">\u00a0<span style=\"color: #ed1c00;\">Mida<\/span><span style=\"color: #17479e;\">Mec<\/span><\/span><span style=\"vertical-align: inherit;\">\u00a0<\/span>ch\u1ecbu \u0111\u01b0\u1ee3c t\u1ed1c \u0111\u1ed9 ly t\u00e2m cao l\u00ean t\u1edbi 6.000 v\u00f2ng\/ph\u00fat.<\/span><\/p>\n<p><span style=\"font-family: 'times new roman', times, serif;\">&#8211; \u0110\u1ed9 trong cao: l\u00fd t\u01b0\u1edfng cho c\u00e1c \u1ee9ng d\u1ee5ng m\u00e0 kh\u1ea3 n\u0103ng hi\u1ec3n th\u1ecb l\u00e0 quan tr\u1ecdng.<\/span><\/p>\n<p><span style=\"font-family: 'times new roman', times, serif;\">&#8211; L\u01b0\u1ee1i g\u00e0 ch\u1ed1ng r\u00f2 r\u1ec9.<\/span><\/p>\n<p><span style=\"font-family: 'times new roman', times, serif;\">&#8211; Gi\u00e1 c\u1ea1nh tranh, s\u1ef1 l\u1ef1a ch\u1ecdn ti\u1ebft ki\u1ec7m chi ph\u00ed cho ph\u00f2ng th\u00ed nghi\u1ec7m c\u1ee7a b\u1ea1n.<\/span><\/p>\n<p><span style=\"font-family: 'times new roman', times, serif;\">&#8211; V\u1ea1ch chia \u0111\u1ed9 m\u00e0u tr\u1eafng, d\u1ec5 \u0111\u1ecdc, v\u00f9ng vi\u1ebft l\u1edbn gi\u00fap vi\u1ec7c ghi nh\u00e3n tr\u1edf n\u00ean \u0111\u01a1n gi\u1ea3n.<\/span><\/p>\n<p><span style=\"font-family: 'times new roman', times, serif;\"><strong><span style=\"vertical-align: inherit;\">* L\u01b0u \u00fd:<\/span><\/strong><\/span><\/p>\n<p><span style=\"vertical-align: inherit; font-family: 'times new roman', times, serif;\"><span style=\"vertical-align: inherit;\">&#8211; B\u1ea3o qu\u1ea3n: N\u01a1i tho\u00e1ng m\u00e1t, s\u1ea1ch s\u1ebd, tr\u00e1nh \u1ea9m \u01b0\u1edbt v\u00e0 c\u00e1c t\u00e1c nh\u00e2n g\u00e2y \u1ea3nh h\u01b0\u1edfng \u0111\u1ebfn ch\u1ea5t l\u01b0\u1ee3ng s\u1ea3n ph\u1ea9m.<\/span><\/span><\/p>\n<p><span style=\"vertical-align: inherit; font-family: 'times new roman', times, serif;\"><span style=\"vertical-align: inherit;\">&#8211; Khuy\u1ebfn c\u00e1o: <span style=\"font-family: 'times new roman', times, serif;\"><em><strong>\u1ed0ng ly t\u00e2m 15ml n\u1eafp v\u1eb7n<\/strong><\/em><\/span>\u00a0ch\u1ec9 s\u1eed d\u1ee5ng 1 l\u1ea7n.<\/span><\/span><\/p>\n<h2><span class=\"ez-toc-section\" id=\"MidaMec_don_vi_hang_dau_Viet_Nam_trong_nganh_vat_tu_y_te\"><\/span><span style=\"font-family: 'times new roman', times, serif;\"><span style=\"color: #ed1c00;\"><span style=\"vertical-align: inherit;\">Mida<\/span><\/span><span style=\"color: #17479e;\"><span style=\"vertical-align: inherit;\">Mec<\/span><\/span><\/span><span style=\"font-family: 'times new roman', times, serif;\">, \u0111\u01a1n v\u1ecb h\u00e0ng \u0111\u1ea7u Vi\u1ec7t Nam trong ng\u00e0nh v\u1eadt t\u01b0 y t\u1ebf\u00a0<\/span><span class=\"ez-toc-section-end\"><\/span><\/h2>\n<p><a class=\"https:\/\/midameccom416.chiliweb.org\/product\/ong-ly-tam-15ml-nap-van\/?lang=vi\" href=\"https:\/\/midameccom416.chiliweb.org\/product\/ong-ly-tam-15ml-nap-van\/?lang=vi\" target=\"_blank\" rel=\"https:\/\/midameccom416.chiliweb.org\/product\/ong-ly-tam-15ml-nap-van\/?lang=vi noopener\"><img decoding=\"async\" class=\"\u1ed0ng ly t\u00e2m 15ml n\u1eafp v\u1eb7n aligncenter wp-image-11118 size-full\" title=\"\u1ed0ng ly t\u00e2m 15ml n\u1eafp v\u1eb7n\" src=\"https:\/\/www.midamec.com\/wp-content\/uploads\/2025\/11\/ong-ly-tam-15ml-nap-van-50-cai-bao-7332-1.jpg\" alt=\"\u1ed0ng ly t\u00e2m 15ml n\u1eafp v\u1eb7n\" width=\"2560\" height=\"1707\" \/><\/a><\/p>\n<p><span style=\"vertical-align: inherit; font-family: 'times new roman', times, serif;\"><span style=\"vertical-align: inherit;\">\u00a0\u0110\u1ec3 \u0111\u00e1p \u1ee9ng y\u00eau c\u1ea7u ch\u1ea5t l\u01b0\u1ee3ng v\u00e0 quy \u0111\u1ecbnh ng\u00e0y c\u00e0ng cao c\u1ee7a kh\u00e1ch h\u00e0ng. Ch\u00fang t\u00f4i lu\u00f4n ch\u00fa \u00fd quy m\u00f4 nh\u00e0 x\u01b0\u1edfng v\u00e0 \u0111\u1ea7u t\u01b0 trang thi\u1ebft b\u1ecb hi\u1ec7n \u0111\u1ea1i:<\/span><\/span><\/p>\n<p><span style=\"font-family: 'times new roman', times, serif;\">&#8211; Nh\u00e0 x\u01b0\u1edfng m\u1edbi \u0111\u01b0\u1ee3c m\u1edf r\u1ed9ng trong n\u0103m 2022 n\u00e2ng di\u1ec7n t\u00edch nh\u00e0 m\u00e1y l\u00ean \u0111\u1ebfn 45.000m<sup>2<\/sup><\/span><\/p>\n<p><span style=\"vertical-align: inherit; font-family: 'times new roman', times, serif;\"><span style=\"vertical-align: inherit;\">&#8211; Bao g\u1ed3m c\u00e1c m\u00e1y \u00e9p phun tay robot t\u1ef1 \u0111\u1ed9ng t\u1eeb nh\u1eefng th\u01b0\u01a1ng hi\u1ec7u n\u1ed5i ti\u1ebfng nh\u01b0: Makino, Mazak, Charmiles, JSW, Sumitomo,\u2026<\/span><\/span><\/p>\n<p><span style=\"vertical-align: inherit; font-family: 'times new roman', times, serif;\"><span style=\"vertical-align: inherit;\">&#8211; \u0110\u1ea3m b\u1ea3o cung c\u1ea5p cho kh\u00e1ch h\u00e0ng nh\u1eefng s\u1ea3n ph\u1ea9m v\u01b0\u1ee3t tr\u1ed9i, \u0111\u00e1p \u1ee9ng \u0111\u1ee7 s\u1ea3n l\u01b0\u1ee3ng theo m\u1eabu m\u00e3 ri\u00eang v\u1edbi gi\u00e1 th\u00e0nh c\u1ea1nh tranh h\u1ea5p d\u1eabn.<\/span><\/span><\/p>\n<p><span style=\"vertical-align: inherit; font-family: 'times new roman', times, serif;\"><span style=\"vertical-align: inherit;\">&#8211; C\u00f9ng v\u1edbi h\u1ec7 th\u1ed1ng m\u1ea1ng l\u01b0\u1edbi b\u00e1n h\u00e0ng \u0111a d\u1ea1ng, <strong><span style=\"color: #ed1c00;\">Mida<\/span><span style=\"color: #17479e;\">Mec<\/span><\/strong> \u0111\u00e3 v\u00e0 \u0111ang l\u00e0 l\u1ef1a ch\u1ecdn h\u00e0ng \u0111\u1ea7u c\u1ee7a kh\u00e1ch h\u00e0ng trong v\u00e0 ngo\u00e0i n\u01b0\u1edbc, \u0111\u1eb7c bi\u1ec7t c\u00e1c kh\u00e1ch h\u00e0ng kh\u00f3 t\u00ednh t\u1ea1i M\u1ef9, Ch\u00e2u \u00c2u&#8230;<\/span><\/span><\/p>\n<p><span style=\"vertical-align: inherit; font-family: 'times new roman', times, serif;\"><span style=\"vertical-align: inherit;\">&#8211; V\u1edbi \u0111\u1ed9i ng\u0169 thi\u1ebft k\u1ebf gi\u00e0u kinh nghi\u1ec7m trong ng\u00e0nh, lu\u00f4n \u0111i tr\u01b0\u1edbc \u0111\u00f3n \u0111\u1ea7u trong c\u00f4ng vi\u1ec7c nghi\u00ean c\u1ee9u xu h\u01b0\u1edbng, c\u1ea3i ti\u1ebfn m\u1eabu m\u00e3.<\/span><\/span><\/p>\n<p><span style=\"vertical-align: inherit; font-family: 'times new roman', times, serif;\"><span style=\"vertical-align: inherit;\">&#8211; Ch\u00fang t\u00f4i c\u00f3 th\u1ec3 cung c\u1ea5p cho kh\u00e1ch h\u00e0ng m\u1ed9t gi\u1ea3i ph\u00e1p to\u00e0n di\u1ec7n v\u1ec1 c\u00f4ng vi\u1ec7c thi\u1ebft k\u1ebf s\u1ea3n ph\u1ea9m v\u00e0 m\u1eabu m\u00e3 s\u1ea3n xu\u1ea5t v\u1edbi ph\u01b0\u01a1ng ch\u00e2m:<\/span><\/span><\/p>\n<ul style=\"list-style-type: circle;\">\n<li><span style=\"vertical-align: inherit; font-family: 'times new roman', times, serif;\"><span style=\"vertical-align: inherit;\">S\u1ea3n ph\u1ea9m th\u1ecfa m\u00e3n kh\u00e1ch h\u00e0ng<\/span><\/span><\/li>\n<li><span style=\"vertical-align: inherit; font-family: 'times new roman', times, serif;\"><span style=\"vertical-align: inherit;\">Giao h\u00e0ng trong th\u1eddi gian nhanh nh\u1ea5t<\/span><\/span><\/li>\n<li><span style=\"vertical-align: inherit; font-family: 'times new roman', times, serif;\"><span style=\"vertical-align: inherit;\">C\u1ea1nh tranh gi\u00e1 th\u00e0nh<\/span><\/span><\/li>\n<li><span style=\"vertical-align: inherit; font-family: 'times new roman', times, serif;\"><span style=\"vertical-align: inherit;\">D\u1ecbch v\u1ee5 sau b\u00e1n h\u00e0ng t\u1ed1t nh\u1ea5t<\/span><\/span><\/li>\n<\/ul>\n<h3><span class=\"ez-toc-section\" id=\"Cac_chung_nhan_va_giai_thuong\"><\/span><span style=\"font-family: 'times new roman', times, serif;\">C\u00e1c ch\u1ee9ng nh\u1eadn v\u00e0 gi\u1ea3i th\u01b0\u1edfng<\/span><span class=\"ez-toc-section-end\"><\/span><\/h3>\n<p><a class=\"https:\/\/midameccom416.chiliweb.org\/product\/ong-ly-tam-15ml-nap-van\/?lang=vi\" href=\"https:\/\/midameccom416.chiliweb.org\/product\/ong-ly-tam-15ml-nap-van\/?lang=vi\" target=\"_blank\" rel=\"https:\/\/midameccom416.chiliweb.org\/product\/ong-ly-tam-15ml-nap-van\/?lang=vi noopener\"><img decoding=\"async\" class=\"\u1ed0ng ly t\u00e2m 15ml n\u1eafp v\u1eb7n aligncenter wp-image-11074 size-full\" title=\"\u1ed0ng ly t\u00e2m 15ml n\u1eafp v\u1eb7n\" src=\"https:\/\/www.midamec.com\/wp-content\/uploads\/2025\/11\/ong-ly-tam-15ml-nap-van-50-cai-bao-7332-2.jpg\" alt=\"\u1ed0ng ly t\u00e2m 15ml n\u1eafp v\u1eb7n\" width=\"1498\" height=\"1015\" \/><\/a><\/p>\n<p><span style=\"vertical-align: inherit; font-family: 'times new roman', times, serif;\"><span style=\"vertical-align: inherit;\">&#8211; C\u00f9ng v\u1edbi s\u1ef1 ph\u00e1t tri\u1ec3n, n\u1ed5 l\u1ef1c v\u00e0 kh\u00f4ng ng\u1eebng \u0111\u1ed5i m\u1edbi. <strong><span style=\"color: #ed1c00;\">Mida<\/span><span style=\"color: #17479e;\">Mec<\/span><\/strong> \u0111\u00e3 thi\u1ebft l\u1eadp h\u1ec7 th\u1ed1ng qu\u1ea3n l\u00fd ch\u1ea5t l\u01b0\u1ee3ng v\u00e0 m\u00f4i tr\u01b0\u1eddng m\u1ed9t c\u00e1ch hi\u1ec7u qu\u1ea3 \u0111\u1ea1t \u0111\u01b0\u1ee3c ch\u1ee9ng nh\u1eadn v\u00e0 gi\u1ea3i th\u01b0\u1edfng cao qu\u00fd:<\/span><\/span><\/p>\n<ul style=\"list-style-type: circle;\">\n<li>Ch\u1ee9ng nh\u1eadn FDA, RCS<\/li>\n<li><span style=\"font-family: 'times new roman', times, serif;\"><span style=\"vertical-align: inherit;\">ISO 9001; ISO-14001; ISO-45001 (Ch\u1ea5t l\u01b0\u1ee3ng &#8211; M\u00f4i tr\u01b0\u1eddng-S\u1ee9c kh\u1ecfe)<\/span><\/span><\/li>\n<li><span style=\"font-family: 'times new roman', times, serif;\"><span style=\"vertical-align: inherit;\">ISO Class 5 \u2013 Ti\u00eau chu\u1ea9n s\u1ea3n ph\u1ea9m v\u1ec7 sinh ph\u00f2ng s\u1ea3n ph\u1ea9m y t\u1ebf.<\/span><\/span><\/li>\n<li><span style=\"font-family: 'times new roman', times, serif;\"><span style=\"vertical-align: inherit;\">ISO-13485 Ng\u00e0nh s\u1ea3n xu\u1ea5t thi\u1ebft b\u1ecb y t\u1ebf<\/span><\/span><\/li>\n<li><span style=\"font-family: 'times new roman', times, serif;\"><span style=\"vertical-align: inherit;\">Th\u01b0\u01a1ng hi\u1ec7u qu\u1ed1c gia nhi\u1ec1u n\u0103m li\u1ec1n k\u1ec1.<\/span><\/span><\/li>\n<li><span style=\"font-family: 'times new roman', times, serif;\"><span style=\"vertical-align: inherit;\">Top 500 DN t\u0103ng tr\u01b0\u1edfng nhanh nh\u1ea5t Vi\u1ec7t Nam<\/span><\/span><\/li>\n<li><span style=\"font-family: 'times new roman', times, serif;\"><span style=\"vertical-align: inherit;\">Top 50 DN t\u0103ng tr\u01b0\u1edfng xu\u1ea5t s\u1eafc nh\u1ea5t Vi\u1ec7t Nam.<\/span><\/span><\/li>\n<\/ul>\n<p><span style=\"vertical-align: inherit; font-family: 'times new roman', times, serif;\"><span style=\"vertical-align: inherit;\">&#8230;&#8230;v\u00e0 nhi\u1ec1u gi\u1ea3i th\u01b0\u1edfng kh\u00e1c.<\/span><\/span><\/p>\n<p><span style=\"font-family: 'times new roman', times, serif;\"><span style=\"vertical-align: inherit;\"><strong><span style=\"color: #ed1c00;\">Mida<\/span><span style=\"color: #17479e;\">Mec<\/span><\/strong> s\u1ebd lu\u00f4n lu\u00f4n l\u00e0 s\u1ef1 l\u1ef1a ch\u1ecdn h\u00e0ng \u0111\u1ea7u c\u1ee7a kh\u00e1ch h\u00e0ng t\u1ea1i Vi\u1ec7t Nam v\u00e0 c\u00e1c n\u01b0\u1edbc tr\u00ean th\u1ebf gi\u1edbi.<\/span><\/span><\/p>\n<h3><span class=\"ez-toc-section\" id=\"Thong_tin_lien_he\"><\/span><span style=\"vertical-align: inherit; font-family: 'times new roman', times, serif;\"><span style=\"vertical-align: inherit;\">Th\u00f4ng tin li\u00ean h\u1ec7<\/span><\/span><span class=\"ez-toc-section-end\"><\/span><\/h3>\n<p>+ Hotline: +84 568 818 789<\/p>\n<p><span style=\"vertical-align: inherit; font-family: 'times new roman', times, serif;\"><span style=\"vertical-align: inherit;\">+ Website: <a href=\"https:\/\/midameccom416.chiliweb.org\/\" target=\"_blank\" rel=\"noopener\">midameccom416.chiliweb.org<\/a><\/span><\/span><\/p>\n<p><span style=\"font-family: 'times new roman', times, serif;\"><span style=\"vertical-align: inherit;\">+ Email: <\/span><a href=\"mailto:info@midamec.com\"><span style=\"vertical-align: inherit;\">info@midamec.com<\/span><\/a><\/span><\/p>\n<p><span style=\"vertical-align: inherit; font-family: 'times new roman', times, serif;\"><span style=\"vertical-align: inherit;\">+ Fanpage: <a href=\"https:\/\/www.facebook.com\/midamec\" target=\"_blank\" rel=\"noopener\">https:\/\/www.facebook.com\/midamec<\/a><\/span><\/span><\/p>\n<p><span style=\"font-family: 'times new roman', times, serif;\"><span style=\"vertical-align: inherit;\">+ LinkedIn: <\/span><\/span><\/p>\n<p><span style=\"font-family: 'times new roman', times, serif;\">+ Zalo: <a href=\"https:\/\/zalo.me\/midaofficial\" target=\"_blank\" rel=\"noopener\">https:\/\/zalo.me\/midaofficial<\/a><\/span><\/p>\n","protected":false},"excerpt":{"rendered":"<p><span style=\"font-family: 'times new roman', times, serif;\">&#8211; T\u00ean s\u1ea3n ph\u1ea9m c\u00f4ng b\u1ed1 b\u1ed9 y t\u1ebf: \u1ed0ng ly t\u00e2m n\u1eafp r\u1eddi 15ml<\/span><\/p>\n<p><span style=\"font-family: 'times new roman', times, serif;\">&#8211; M\u00e3 s\u1ea3n ph\u1ea9m: C<span style=\"vertical-align: inherit;\">T0007<\/span><\/span><\/p>\n<p><span style=\"font-family: 'times new roman', times, serif;\">&#8211; S\u1ed1 l\u01b0u h\u00e0nh: <span style=\"vertical-align: inherit;\">230000037\/PCBA-LA<\/span><\/span><\/p>\n<p><span style=\"font-family: 'times new roman', times, serif;\">&#8211; Xu\u1ea5t x\u1ee9 h\u00e0ng h\u00f3a: <span style=\"vertical-align: inherit;\">Vi\u1ec7t Nam<\/span><\/span><\/p>\n<p><span style=\"font-family: 'times new roman', times, serif;\">&#8211; Th\u00f4ng s\u1ed1 k\u1ef9 thu\u1eadt: Nh\u1ef1a PP, <span style=\"vertical-align: inherit; font-family: 'times new roman', times, serif;\"><span style=\"vertical-align: inherit;\">\u00d817*119mm, 15ml<\/span><\/span><\/span><\/p>\n<p><span style=\"font-family: 'times new roman', times, serif;\">&#8211; Ch\u00ednh s\u00e1ch gi\u00e1 t\u1ed1t tr\u00ean th\u1ecb tr\u01b0\u1eddng, gi\u00e1 \u01b0u \u0111\u00e3i: Mua s\u1ed1 l\u01b0\u1ee3ng l\u1edbn, th\u01b0\u01a1ng m\u1ea1i, \u0111\u1ea5u th\u1ea7u. Gi\u00e1 t\u1ed1t cho NPP, \u0111\u1ea1i l\u00fd. Gi\u00e1 \u0111\u1eb7c bi\u1ec7t cho kh\u00e1ch h\u00e0ng OEM<\/span><\/p>\n<p><span style=\"font-family: 'times new roman', times, serif;\">&#8211; Ph\u00e2n ph\u1ed1i: To\u00e0n qu\u1ed1c v\u00e0 xu\u1ea5t kh\u1ea9u n\u01b0\u1edbc ngo\u00e0i<\/span><\/p>\n<p><span style=\"font-family: 'times new roman', times, serif;\">&#8211; \u0110\u1ed9i ng\u0169 gi\u00e0u kinh nghi\u1ec7m, nhi\u1ec1u chuy\u00ean gia l\u0129nh v\u1ef1c trong ng\u00e0nh<\/span><\/p>\n<p><span style=\"font-family: 'times new roman', times, serif;\">&#8211; Ch\u1ea5t l\u01b0\u1ee3ng: <span style=\"vertical-align: inherit;\">S\u1ea3n ph\u1ea9m \u0111\u1ea1t chu\u1ea9n <strong><span style=\"color: #17479e;\">FDA , ISO Class 5, ISO-13485,<\/span> <span style=\"color: #ed1c24;\">ISO 9001, ISO 14001, ISO 45001<\/span><\/strong><\/span><\/span><\/p>\n<p><span style=\"font-family: 'times new roman', times, serif;\">&#8211; Quy tr\u00ecnh ki\u1ec3m so\u00e1t nghi\u00eam ng\u1eb7t<\/span><\/p>\n<p><span style=\"font-family: 'times new roman', times, serif;\">&#8211; S\u1ea3n ph\u1ea9m \u0111ang \u0111\u01b0\u1ee3c b\u00e1n tr\u00ean c\u00e1c s\u00e0n th\u01b0\u01a1ng m\u1ea1i \u0111i\u1ec7n t\u1eed: <strong>Shopee, Lazada, Tiki<\/strong><\/span><\/p>\n<p><strong><em><span style=\"font-family: 'times new roman', times, serif;\">H\u00e3y li\u00ean h\u1ec7 v\u1edbi ch\u00fang t\u00f4i \u0111\u1ec3 nh\u1eadn \u0111\u01b0\u1ee3c s\u1ef1 ch\u0103m s\u00f3c t\u1eadn t\u00e2m!<\/span><\/em><\/strong><\/p>\n","protected":false},"featured_media":10726,"comment_status":"closed","ping_status":"closed","template":"","meta":[],"product_cat":[212],"product_tag":[],"_links":{"self":[{"href":"https:\/\/midameccom507.mbws.vn\/vi\/wp-json\/wp\/v2\/product\/7332"}],"collection":[{"href":"https:\/\/midameccom507.mbws.vn\/vi\/wp-json\/wp\/v2\/product"}],"about":[{"href":"https:\/\/midameccom507.mbws.vn\/vi\/wp-json\/wp\/v2\/types\/product"}],"replies":[{"embeddable":true,"href":"https:\/\/midameccom507.mbws.vn\/vi\/wp-json\/wp\/v2\/comments?post=7332"}],"wp:featuredmedia":[{"embeddable":true,"href":"https:\/\/midameccom507.mbws.vn\/vi\/wp-json\/wp\/v2\/media\/10726"}],"wp:attachment":[{"href":"https:\/\/midameccom507.mbws.vn\/vi\/wp-json\/wp\/v2\/media?parent=7332"}],"wp:term":[{"taxonomy":"product_cat","embeddable":true,"href":"https:\/\/midameccom507.mbws.vn\/vi\/wp-json\/wp\/v2\/product_cat?post=7332"},{"taxonomy":"product_tag","embeddable":true,"href":"https:\/\/midameccom507.mbws.vn\/vi\/wp-json\/wp\/v2\/product_tag?post=7332"}],"curies":[{"name":"wp","href":"https:\/\/api.w.org\/{rel}","templated":true}]}}